{"id":119,"date":"2026-02-03T20:26:19","date_gmt":"2026-02-03T23:26:19","guid":{"rendered":"https:\/\/wici.fci.unb.br\/?page_id=119"},"modified":"2026-04-27T13:43:39","modified_gmt":"2026-04-27T16:43:39","slug":"comissao-cientifica","status":"publish","type":"page","link":"https:\/\/wici.fci.unb.br\/?page_id=119","title":{"rendered":"Comiss\u00e3o cient\u00edfica e avaliadoras(es) ad hoc"},"content":{"rendered":"\n<p>Dr\u00aa Michelli Costa | Universidade de Bras\u00edlia (UnB) | michelli@unb.br<\/p>\n\n\n\n<p>Dr. Fernando Leite | Universidade de Bras\u00edlia (UnB) | fernandoc@unb.br<\/p>\n\n\n\n<p>Dr\u00aa Ana Carolina Arakaki | Universidade de Bras\u00edlia (UnB) | ana.arakaki@unb.br<\/p>\n\n\n\n<p>Dr. Felipe Arakaki | Universidade de Bras\u00edlia (UnB) | felipe.arakaki@unb.br<\/p>\n\n\n\n<p>Dr. Jo\u00e3o Maricato | Universidade de Bras\u00edlia (UnB) | jmmaricato@unb.br<\/p>\n\n\n\n<p>Dr. Edgar Bisset-Alvarez | Universidade Federal de Santa Catarina (UFSC)<\/p>\n\n\n\n<p>Dr. Tiago Braga | Instituto Brasileiro de Informa\u00e7\u00e3o em Ci\u00eancia e Tecnologia (IBICT)<\/p>\n\n\n\n<p>Dr. Milton Shintaku | Instituto Brasileiro de Informa\u00e7\u00e3o em Ci\u00eancia e Tecnologia (IBICT)<\/p>\n\n\n\n<p>Dr\u00aa Priscila Sena | Instituto Brasileiro de Informa\u00e7\u00e3o em Ci\u00eancia e Tecnologia (IBICT)<\/p>\n\n\n\n<p>Dr\u00aa Tain\u00e1 Assis | Instituto Brasileiro de Informa\u00e7\u00e3o em Ci\u00eancia e Tecnologia (IBICT)<\/p>\n\n\n\n<p>Dr\u00aa Emanuelle Torino | Instituto Brasileiro de Informa\u00e7\u00e3o em Ci\u00eancia e Tecnologia (IBICT)<\/p>\n\n\n\n<p>Dr. Fabiano Castro | Universidade Federal de S\u00e3o Carlos (UFSCar)<\/p>\n\n\n\n<p>Dr\u00aa Ana Cristina Albuquerque | Universidade Estadual de Londrina (UEL)<\/p>\n\n\n\n<p>Dr. Jo\u00e3o Arlindo | Universidade Federal do Par\u00e1 (UFPA)<\/p>\n\n\n\n<p>Dr. Fernando Assis | Universidade Federal do Par\u00e1 (UFPA)<\/p>\n\n\n\n<p>Dr\u00aa Luciana Martins | SESI Lab<\/p>\n\n\n\n<p>Dr. Henry Poncio | Universidade Federal da Para\u00edba (UFPB)<\/p>\n\n\n\n<p>Dr. Julio Santill\u00e1n-Aldana | ComCi\u00eancia Peru<\/p>\n\n\n\n<p>Dr\u00aa Diana Vilas Boas Souto Aleixo (UFES)<a href=\"https:\/\/www.escavador.com\/sobre\/5214888\/henry-poncio-cruz-de-oliveira\"><\/a><\/p>\n\n\n\n<p><a href=\"https:\/\/www.escavador.com\/sobre\/5214888\/henry-poncio-cruz-de-oliveira\"><\/a><br><\/p>\n\n\n\n<p><\/p>\n","protected":false},"excerpt":{"rendered":"<p>Dr\u00aa Michelli Costa | Universidade de Bras\u00edlia (UnB) | michelli@unb.br Dr. Fernando Leite | Universidade de Bras\u00edlia (UnB) | fernandoc@unb.br Dr\u00aa Ana Carolina Arakaki | Universidade de Bras\u00edlia (UnB) | ana.arakaki@unb.br Dr. Felipe Arakaki | Universidade de Bras\u00edlia (UnB) | felipe.arakaki@unb.br Dr. Jo\u00e3o Maricato | Universidade de Bras\u00edlia (UnB) | jmmaricato@unb.br Dr. Edgar Bisset-Alvarez | [&hellip;]<\/p>\n","protected":false},"author":2,"featured_media":0,"parent":0,"menu_order":0,"comment_status":"closed","ping_status":"closed","template":"","meta":{"footnotes":""},"class_list":["post-119","page","type-page","status-publish","hentry"],"blocksy_meta":[],"_links":{"self":[{"href":"https:\/\/wici.fci.unb.br\/index.php?rest_route=\/wp\/v2\/pages\/119","targetHints":{"allow":["GET"]}}],"collection":[{"href":"https:\/\/wici.fci.unb.br\/index.php?rest_route=\/wp\/v2\/pages"}],"about":[{"href":"https:\/\/wici.fci.unb.br\/index.php?rest_route=\/wp\/v2\/types\/page"}],"author":[{"embeddable":true,"href":"https:\/\/wici.fci.unb.br\/index.php?rest_route=\/wp\/v2\/users\/2"}],"replies":[{"embeddable":true,"href":"https:\/\/wici.fci.unb.br\/index.php?rest_route=%2Fwp%2Fv2%2Fcomments&post=119"}],"version-history":[{"count":13,"href":"https:\/\/wici.fci.unb.br\/index.php?rest_route=\/wp\/v2\/pages\/119\/revisions"}],"predecessor-version":[{"id":272,"href":"https:\/\/wici.fci.unb.br\/index.php?rest_route=\/wp\/v2\/pages\/119\/revisions\/272"}],"wp:attachment":[{"href":"https:\/\/wici.fci.unb.br\/index.php?rest_route=%2Fwp%2Fv2%2Fmedia&parent=119"}],"curies":[{"name":"wp","href":"https:\/\/api.w.org\/{rel}","templated":true}]}}