{"id":136,"date":"2026-02-03T20:37:22","date_gmt":"2026-02-03T23:37:22","guid":{"rendered":"https:\/\/wici.fci.unb.br\/?page_id=136"},"modified":"2026-05-07T16:13:18","modified_gmt":"2026-05-07T19:13:18","slug":"modalidades-de-comunicacao","status":"publish","type":"page","link":"https:\/\/wici.fci.unb.br\/?page_id=136","title":{"rendered":"Modalidades de comunica\u00e7\u00e3o"},"content":{"rendered":"\n<p><\/p>\n\n\n\n<p><strong>RESUMOS EXPANDIDOS<\/strong><\/p>\n\n\n\n<p>Os resumos expandidos s\u00e3o comunica\u00e7\u00f5es curtas, redigidos com extens\u00e3o m\u00ednima de 4 e m\u00e1xima de 5 laudas, conforme o&nbsp;<a href=\"https:\/\/docs.google.com\/document\/d\/1cNsdVP5RrS7bFk4TJDeqBS5shFUw--gX\/edit?usp=drive_link&amp;ouid=117963432334742782946&amp;rtpof=true&amp;sd=true\" target=\"_blank\" rel=\"noreferrer noopener\">MODELO A.<\/a>&nbsp;O texto deve apresentar, de maneira clara, coerente e articulada, os seguintes elementos indicados no template do resumo expandido.<\/p>\n\n\n\n<p><strong>RESUMOS<\/strong><\/p>\n\n\n\n<p>Os resumos s\u00e3o comunica\u00e7\u00f5es de pesquisa redigidas em formato conciso, com extens\u00e3o entre 300 e 500 palavras, conforme o&nbsp;<a href=\"https:\/\/docs.google.com\/document\/d\/1MWt9v0Lz71oJfktKCT1QlvC23X-Prt5Z\/edit?usp=drive_link&amp;ouid=117963432334742782946&amp;rtpof=true&amp;sd=true\" target=\"_blank\" rel=\"noreferrer noopener\">MODELO B<\/a>. O texto deve apresentar, de forma clara e articulada, os seguintes elementos: introdu\u00e7\u00e3o, objetivos, procedimentos metodol\u00f3gicos, resultados e considera\u00e7\u00f5es finais.<\/p>\n\n\n\n<h4 class=\"wp-block-heading has-text-align-center\"><\/h4>\n\n\n\n<p><\/p>\n","protected":false},"excerpt":{"rendered":"<p>RESUMOS EXPANDIDOS Os resumos expandidos s\u00e3o comunica\u00e7\u00f5es curtas, redigidos com extens\u00e3o m\u00ednima de 4 e m\u00e1xima de 5 laudas, conforme o&nbsp;MODELO A.&nbsp;O texto deve apresentar, de maneira clara, coerente e articulada, os seguintes elementos indicados no template do resumo expandido. RESUMOS Os resumos s\u00e3o comunica\u00e7\u00f5es de pesquisa redigidas em formato conciso, com extens\u00e3o entre 300 [&hellip;]<\/p>\n","protected":false},"author":2,"featured_media":0,"parent":0,"menu_order":0,"comment_status":"closed","ping_status":"closed","template":"","meta":{"footnotes":""},"class_list":["post-136","page","type-page","status-publish","hentry"],"blocksy_meta":[],"_links":{"self":[{"href":"https:\/\/wici.fci.unb.br\/index.php?rest_route=\/wp\/v2\/pages\/136","targetHints":{"allow":["GET"]}}],"collection":[{"href":"https:\/\/wici.fci.unb.br\/index.php?rest_route=\/wp\/v2\/pages"}],"about":[{"href":"https:\/\/wici.fci.unb.br\/index.php?rest_route=\/wp\/v2\/types\/page"}],"author":[{"embeddable":true,"href":"https:\/\/wici.fci.unb.br\/index.php?rest_route=\/wp\/v2\/users\/2"}],"replies":[{"embeddable":true,"href":"https:\/\/wici.fci.unb.br\/index.php?rest_route=%2Fwp%2Fv2%2Fcomments&post=136"}],"version-history":[{"count":5,"href":"https:\/\/wici.fci.unb.br\/index.php?rest_route=\/wp\/v2\/pages\/136\/revisions"}],"predecessor-version":[{"id":275,"href":"https:\/\/wici.fci.unb.br\/index.php?rest_route=\/wp\/v2\/pages\/136\/revisions\/275"}],"wp:attachment":[{"href":"https:\/\/wici.fci.unb.br\/index.php?rest_route=%2Fwp%2Fv2%2Fmedia&parent=136"}],"curies":[{"name":"wp","href":"https:\/\/api.w.org\/{rel}","templated":true}]}}