{"id":140,"date":"2026-02-03T20:38:27","date_gmt":"2026-02-03T23:38:27","guid":{"rendered":"https:\/\/wici.fci.unb.br\/?page_id=140"},"modified":"2026-02-05T12:03:10","modified_gmt":"2026-02-05T15:03:10","slug":"xiv-wici","status":"publish","type":"page","link":"https:\/\/wici.fci.unb.br\/?page_id=140","title":{"rendered":"XIV WICI"},"content":{"rendered":"\n<p>A 14\u00aa edi\u00e7\u00e3o do Workshop Internacional em Ci\u00eancia da Informa\u00e7\u00e3o (XIV WICI), promovido pelo Programa de P\u00f3s-Gradua\u00e7\u00e3o em Ci\u00eancia da Informa\u00e7\u00e3o da Universidade de Bras\u00edlia (PPGCINF\/UnB), d\u00e1 continuidade a uma trajet\u00f3ria iniciada em 2006, marcada pela promo\u00e7\u00e3o do di\u00e1logo cient\u00edfico e da colabora\u00e7\u00e3o acad\u00eamica nacional e internacional no campo da Ci\u00eancia da Informa\u00e7\u00e3o.<\/p>\n\n\n\n<p>Com o tema <strong>\u201cDi\u00e1logos e pr\u00e1ticas interdisciplinares no mundo da informa\u00e7\u00e3o digital\u201d<\/strong>, o XIV WICI prop\u00f5e refletir sobre os desafios te\u00f3ricos, metodol\u00f3gicos e pr\u00e1ticos que emergem em um contexto marcado pelas potencialidades e desafios da informa\u00e7\u00e3o digital, pelas transforma\u00e7\u00f5es tecnol\u00f3gicas e pela crescente interse\u00e7\u00e3o entre diferentes campos do conhecimento. O evento busca fortalecer a troca de experi\u00eancias, incentivar a socializa\u00e7\u00e3o de resultados de pesquisas e ampliar o di\u00e1logo dos estudantes da p\u00f3s-gradua\u00e7\u00e3o e jovens pesquisadores na Ci\u00eancia da Informa\u00e7\u00e3o.<\/p>\n\n\n\n<p>Nesta edi\u00e7\u00e3o, o WICI organiza-se em torno de quatro eixos tem\u00e1ticos, que orientam as discuss\u00f5es e a apresenta\u00e7\u00e3o de trabalhos:<\/p>\n\n\n\n<ol class=\"wp-block-list\">\n<li>Organiza\u00e7\u00e3o e Representa\u00e7\u00e3o da Informa\u00e7\u00e3o e do Conhecimento<\/li>\n\n\n\n<li>Cole\u00e7\u00f5es digitais, mem\u00f3ria e patrim\u00f4nio<\/li>\n\n\n\n<li>Media\u00e7\u00e3o da informa\u00e7\u00e3o, do conhecimento e da cultura<\/li>\n\n\n\n<li>Di\u00e1logos epistemol\u00f3gicos no mundo digital<\/li>\n<\/ol>\n\n\n\n<p>Ao reunir pesquisadores, docentes, estudantes e profissionais, o XIV WICI reafirma seu compromisso com a constru\u00e7\u00e3o coletiva do conhecimento, o fortalecimento dos grupos de pesquisa do PPGCINF e a amplia\u00e7\u00e3o dos di\u00e1logos interdisciplinares que caracterizam o campo da Ci\u00eancia da Informa\u00e7\u00e3o.<\/p>\n\n\n\n<figure class=\"wp-block-pullquote\"><blockquote><p><strong>Di\u00e1logos e pr\u00e1ticas interdisciplinares no mundo da informa\u00e7\u00e3o digital<\/strong><\/p><\/blockquote><\/figure>\n\n\n\n<p>Saiba mais sobre o <a href=\"https:\/\/www.ppgcinf.fci.unb.br\/en\/noticias-eventos\/wici\">WICI<\/a>. <\/p>\n\n\n\n<p><\/p>\n","protected":false},"excerpt":{"rendered":"<p>A 14\u00aa edi\u00e7\u00e3o do Workshop Internacional em Ci\u00eancia da Informa\u00e7\u00e3o (XIV WICI), promovido pelo Programa de P\u00f3s-Gradua\u00e7\u00e3o em Ci\u00eancia da Informa\u00e7\u00e3o da Universidade de Bras\u00edlia (PPGCINF\/UnB), d\u00e1 continuidade a uma trajet\u00f3ria iniciada em 2006, marcada pela promo\u00e7\u00e3o do di\u00e1logo cient\u00edfico e da colabora\u00e7\u00e3o acad\u00eamica nacional e internacional no campo da Ci\u00eancia da Informa\u00e7\u00e3o. Com o [&hellip;]<\/p>\n","protected":false},"author":2,"featured_media":0,"parent":0,"menu_order":0,"comment_status":"closed","ping_status":"closed","template":"","meta":{"footnotes":""},"class_list":["post-140","page","type-page","status-publish","hentry"],"blocksy_meta":[],"_links":{"self":[{"href":"https:\/\/wici.fci.unb.br\/index.php?rest_route=\/wp\/v2\/pages\/140","targetHints":{"allow":["GET"]}}],"collection":[{"href":"https:\/\/wici.fci.unb.br\/index.php?rest_route=\/wp\/v2\/pages"}],"about":[{"href":"https:\/\/wici.fci.unb.br\/index.php?rest_route=\/wp\/v2\/types\/page"}],"author":[{"embeddable":true,"href":"https:\/\/wici.fci.unb.br\/index.php?rest_route=\/wp\/v2\/users\/2"}],"replies":[{"embeddable":true,"href":"https:\/\/wici.fci.unb.br\/index.php?rest_route=%2Fwp%2Fv2%2Fcomments&post=140"}],"version-history":[{"count":3,"href":"https:\/\/wici.fci.unb.br\/index.php?rest_route=\/wp\/v2\/pages\/140\/revisions"}],"predecessor-version":[{"id":176,"href":"https:\/\/wici.fci.unb.br\/index.php?rest_route=\/wp\/v2\/pages\/140\/revisions\/176"}],"wp:attachment":[{"href":"https:\/\/wici.fci.unb.br\/index.php?rest_route=%2Fwp%2Fv2%2Fmedia&parent=140"}],"curies":[{"name":"wp","href":"https:\/\/api.w.org\/{rel}","templated":true}]}}