{"id":142,"date":"2026-02-03T20:38:55","date_gmt":"2026-02-03T23:38:55","guid":{"rendered":"https:\/\/wici.fci.unb.br\/?page_id=142"},"modified":"2026-02-05T11:27:37","modified_gmt":"2026-02-05T14:27:37","slug":"inscricoes","status":"publish","type":"page","link":"https:\/\/wici.fci.unb.br\/?page_id=142","title":{"rendered":"Inscri\u00e7\u00f5es"},"content":{"rendered":"\n<p>Em breve ser\u00e3o disponibilizadas as orienta\u00e7\u00f5es para inscri\u00e7\u00e3o no XIV WICI.<br>As inscri\u00e7\u00f5es ser\u00e3o gratuitas e ter\u00e3o certifica\u00e7\u00e3o pelo PPGCInf | UnB.<\/p>\n","protected":false},"excerpt":{"rendered":"<p>Em breve ser\u00e3o disponibilizadas as orienta\u00e7\u00f5es para inscri\u00e7\u00e3o no XIV WICI.As inscri\u00e7\u00f5es ser\u00e3o gratuitas e ter\u00e3o certifica\u00e7\u00e3o pelo PPGCInf | UnB.<\/p>\n","protected":false},"author":2,"featured_media":0,"parent":0,"menu_order":0,"comment_status":"closed","ping_status":"closed","template":"","meta":{"footnotes":""},"class_list":["post-142","page","type-page","status-publish","hentry"],"blocksy_meta":[],"_links":{"self":[{"href":"https:\/\/wici.fci.unb.br\/index.php?rest_route=\/wp\/v2\/pages\/142","targetHints":{"allow":["GET"]}}],"collection":[{"href":"https:\/\/wici.fci.unb.br\/index.php?rest_route=\/wp\/v2\/pages"}],"about":[{"href":"https:\/\/wici.fci.unb.br\/index.php?rest_route=\/wp\/v2\/types\/page"}],"author":[{"embeddable":true,"href":"https:\/\/wici.fci.unb.br\/index.php?rest_route=\/wp\/v2\/users\/2"}],"replies":[{"embeddable":true,"href":"https:\/\/wici.fci.unb.br\/index.php?rest_route=%2Fwp%2Fv2%2Fcomments&post=142"}],"version-history":[{"count":2,"href":"https:\/\/wici.fci.unb.br\/index.php?rest_route=\/wp\/v2\/pages\/142\/revisions"}],"predecessor-version":[{"id":164,"href":"https:\/\/wici.fci.unb.br\/index.php?rest_route=\/wp\/v2\/pages\/142\/revisions\/164"}],"wp:attachment":[{"href":"https:\/\/wici.fci.unb.br\/index.php?rest_route=%2Fwp%2Fv2%2Fmedia&parent=142"}],"curies":[{"name":"wp","href":"https:\/\/api.w.org\/{rel}","templated":true}]}}