{"id":155,"date":"2026-02-03T20:51:45","date_gmt":"2026-02-03T23:51:45","guid":{"rendered":"https:\/\/wici.fci.unb.br\/?page_id=155"},"modified":"2026-02-07T14:21:30","modified_gmt":"2026-02-07T17:21:30","slug":"participe-do-xiv-wici","status":"publish","type":"page","link":"https:\/\/wici.fci.unb.br\/","title":{"rendered":"Di\u00e1logos e pr\u00e1ticas interdisciplinares no mundo da informa\u00e7\u00e3o digital"},"content":{"rendered":"\n<p>O XIV Workshop Internacional em Ci\u00eancia da Informa\u00e7\u00e3o (XIV WICI), promovido pelo Programa de P\u00f3s-Gradua\u00e7\u00e3o em Ci\u00eancia da Informa\u00e7\u00e3o da Universidade de Bras\u00edlia (PPGCINF\/UnB), convida a comunidade acad\u00eamica da Ci\u00eancia da Informa\u00e7\u00e3o para o debate sobre o tema <strong>\u201c<\/strong>Di\u00e1logos e pr\u00e1ticas interdisciplinares no mundo da informa\u00e7\u00e3o digital\u201d.<\/p>\n\n\n\n<p>Nesta edi\u00e7\u00e3o, o evento prop\u00f5e um espa\u00e7o de reflex\u00e3o e di\u00e1logo, a partir de pesquisas que versam sobre os desafios contempor\u00e2neos da Ci\u00eancia da Informa\u00e7\u00e3o, organizados em torno de quatro eixos tem\u00e1ticos: organiza\u00e7\u00e3o e representa\u00e7\u00e3o da informa\u00e7\u00e3o e do conhecimento; cole\u00e7\u00f5es digitais, mem\u00f3ria e patrim\u00f4nio; media\u00e7\u00e3o da informa\u00e7\u00e3o, do conhecimento e da cultura; e di\u00e1logos epistemol\u00f3gicos no mundo digital.<\/p>\n\n\n\n<p class=\"has-text-align-center\"><mark style=\"background-color:rgba(0, 0, 0, 0)\" class=\"has-inline-color has-palette-color-3-color\"><strong>Fique atenta(o) aos prazos e participe do di\u00e1logo sobre as problem\u00e1ticas contempor\u00e2neas da Ci\u00eancia da Informa\u00e7\u00e3o no mundo digital.<\/strong><\/mark><\/p>\n","protected":false},"excerpt":{"rendered":"<p>O XIV Workshop Internacional em Ci\u00eancia da Informa\u00e7\u00e3o (XIV WICI), promovido pelo Programa de P\u00f3s-Gradua\u00e7\u00e3o em Ci\u00eancia da Informa\u00e7\u00e3o da Universidade de Bras\u00edlia (PPGCINF\/UnB), convida a comunidade acad\u00eamica da Ci\u00eancia da Informa\u00e7\u00e3o para o debate sobre o tema \u201cDi\u00e1logos e pr\u00e1ticas interdisciplinares no mundo da informa\u00e7\u00e3o digital\u201d. Nesta edi\u00e7\u00e3o, o evento prop\u00f5e um espa\u00e7o de [&hellip;]<\/p>\n","protected":false},"author":2,"featured_media":0,"parent":0,"menu_order":0,"comment_status":"closed","ping_status":"closed","template":"","meta":{"footnotes":""},"class_list":["post-155","page","type-page","status-publish","hentry"],"blocksy_meta":[],"_links":{"self":[{"href":"https:\/\/wici.fci.unb.br\/index.php?rest_route=\/wp\/v2\/pages\/155","targetHints":{"allow":["GET"]}}],"collection":[{"href":"https:\/\/wici.fci.unb.br\/index.php?rest_route=\/wp\/v2\/pages"}],"about":[{"href":"https:\/\/wici.fci.unb.br\/index.php?rest_route=\/wp\/v2\/types\/page"}],"author":[{"embeddable":true,"href":"https:\/\/wici.fci.unb.br\/index.php?rest_route=\/wp\/v2\/users\/2"}],"replies":[{"embeddable":true,"href":"https:\/\/wici.fci.unb.br\/index.php?rest_route=%2Fwp%2Fv2%2Fcomments&post=155"}],"version-history":[{"count":7,"href":"https:\/\/wici.fci.unb.br\/index.php?rest_route=\/wp\/v2\/pages\/155\/revisions"}],"predecessor-version":[{"id":244,"href":"https:\/\/wici.fci.unb.br\/index.php?rest_route=\/wp\/v2\/pages\/155\/revisions\/244"}],"wp:attachment":[{"href":"https:\/\/wici.fci.unb.br\/index.php?rest_route=%2Fwp%2Fv2%2Fmedia&parent=155"}],"curies":[{"name":"wp","href":"https:\/\/api.w.org\/{rel}","templated":true}]}}